{"id":25825,"date":"2016-07-17T08:57:11","date_gmt":"2016-07-17T08:57:11","guid":{"rendered":"http:\/\/quickexpansion.mobidoo.es\/?page_id=25825"},"modified":"2026-03-23T19:47:02","modified_gmt":"2026-03-23T19:47:02","slug":"conocenos","status":"publish","type":"page","link":"https:\/\/www.quickexpansion.com\/en\/","title":{"rendered":"Con\u00f3cenos"},"content":{"rendered":"<p>[et_pb_section fb_built=\u00bb1&#8243; admin_label=\u00bbsection\u00bb _builder_version=\u00bb3.0.74&#8243; background_color=\u00bb#2196f3&#8243; background_image=\u00bb\/wp-content\/uploads\/img-2.jpg\u00bb custom_padding=\u00bb150px||100px|\u00bb custom_padding_tablet=\u00bb150px||100px|\u00bb transparent_background=\u00bboff\u00bb padding_mobile=\u00bbon\u00bb][et_pb_row custom_padding=\u00bb150px||50px|\u00bb padding_mobile=\u00bbon\u00bb column_padding_mobile=\u00bbon\u00bb parallax_method_1=\u00bboff\u00bb parallax_method_2=\u00bboff\u00bb admin_label=\u00bbrow\u00bb _builder_version=\u00bb3.0.47&#8243; background_size=\u00bbinitial\u00bb background_position=\u00bbtop_left\u00bb background_repeat=\u00bbrepeat\u00bb][et_pb_column type=\u00bb2_3&#8243; _builder_version=\u00bb3.0.47&#8243; column_padding_mobile=\u00bbon\u00bb parallax=\u00bboff\u00bb parallax_method=\u00bboff\u00bb][\/et_pb_column][et_pb_column type=\u00bb1_3&#8243; _builder_version=\u00bb3.0.47&#8243; column_padding_mobile=\u00bbon\u00bb parallax=\u00bboff\u00bb parallax_method=\u00bboff\u00bb][\/et_pb_column][\/et_pb_row][\/et_pb_section][et_pb_section fb_built=\u00bb1&#8243; custom_padding_last_edited=\u00bbon|desktop\u00bb admin_label=\u00bbSection\u00bb _builder_version=\u00bb3.0.74&#8243; background_color=\u00bbrgba(182,182,182,0.41)\u00bb custom_padding=\u00bb25px||54px||false|false\u00bb custom_padding_tablet=\u00bb50px|0|50px|0&#8243; transparent_background=\u00bboff\u00bb][et_pb_row custom_padding=\u00bb0px||10px|\u00bb padding_mobile=\u00bbon\u00bb column_padding_mobile=\u00bbon\u00bb parallax_method_1=\u00bboff\u00bb admin_label=\u00bbRow\u00bb _builder_version=\u00bb3.0.47&#8243; background_size=\u00bbinitial\u00bb background_position=\u00bbtop_left\u00bb background_repeat=\u00bbrepeat\u00bb][et_pb_column type=\u00bb4_4&#8243; _builder_version=\u00bb3.0.47&#8243; column_padding_mobile=\u00bbon\u00bb parallax=\u00bboff\u00bb parallax_method=\u00bboff\u00bb][et_pb_text admin_label=\u00bbText\u00bb _builder_version=\u00bb3.0.87&#8243; text_font=\u00bb||||\u00bb text_text_color=\u00bb#000000&#8243; text_font_size=\u00bb20px\u00bb text_line_height=\u00bb1.5em\u00bb background_size=\u00bbinitial\u00bb background_position=\u00bbtop_left\u00bb background_repeat=\u00bbrepeat\u00bb text_orientation=\u00bbcenter\u00bb max_width=\u00bb780px\u00bb module_alignment=\u00bbcenter\u00bb custom_margin=\u00bb7px|||\u00bb use_border_color=\u00bboff\u00bb border_style=\u00bbsolid\u00bb]<\/p>\n<h1><span style=\"color: #b4172c;\"><span color=\"#000000\">Quick Expansion<\/span><\/span><\/h1>\n<h1><span style=\"color: #b4172c;\"><span color=\"#000000\">Retail and Invesment Services<\/span><\/span><\/h1>\n<p>[\/et_pb_text][et_pb_text admin_label=\u00bbText\u00bb _builder_version=\u00bb3.0.87&#8243; text_font=\u00bb||||\u00bb text_text_color=\u00bb#000000&#8243; text_font_size=\u00bb20px\u00bb text_line_height=\u00bb1.5em\u00bb background_size=\u00bbinitial\u00bb background_position=\u00bbtop_left\u00bb background_repeat=\u00bbrepeat\u00bb text_orientation=\u00bbcenter\u00bb max_width=\u00bb780px\u00bb module_alignment=\u00bbcenter\u00bb custom_margin=\u00bb7px|||\u00bb use_border_color=\u00bboff\u00bb border_style=\u00bbsolid\u00bb]<\/p>\n<h2><span style=\"font-size: large; color: #000000;\">Quick Expansi\u00f3n es una compa\u00f1\u00eda fundada en 2005, dedicada a la <strong>Consultor\u00eda de Retail e Inversi\u00f3n inmobiliaria<\/strong>, aunando la experiencia y conocimiento de profesionales procedentes de ambos sectores y perfil multidisciplinar.<\/span><\/h2>\n<p>[\/et_pb_text][et_pb_text admin_label=\u00bbText\u00bb _builder_version=\u00bb3.0.87&#8243; text_font=\u00bbMontserrat|||on|\u00bb text_text_color=\u00bb#777777&#8243; text_font_size=\u00bb24&#8243; text_font_size_tablet=\u00bb14&#8243; text_letter_spacing=\u00bb2px\u00bb text_line_height=\u00bb1.2em\u00bb header_font=\u00bbMontserrat||||\u00bb header_font_size=\u00bb20px\u00bb background_size=\u00bbinitial\u00bb background_position=\u00bbtop_left\u00bb background_repeat=\u00bbrepeat\u00bb text_orientation=\u00bbcenter\u00bb module_alignment=\u00bbcenter\u00bb use_border_color=\u00bboff\u00bb border_style=\u00bbsolid\u00bb]<\/p>\n<h4 class=\"p1\"><span style=\"color: #6d6d6d;\">Madrid \u00b7 Barcelona \u00b7\u00a0Valencia \u00b7\u00a0Sevilla<\/span><\/h4>\n<p>[\/et_pb_text][\/et_pb_column][\/et_pb_row][\/et_pb_section][et_pb_section fb_built=\u00bb1&#8243; admin_label=\u00bbSection\u00bb _builder_version=\u00bb3.0.74&#8243; background_color=\u00bb#b4172c\u00bb custom_padding=\u00bb0px|0px|0px|0px\u00bb custom_padding_tablet=\u00bb0px|0px|0px|0px\u00bb transparent_background=\u00bboff\u00bb padding_mobile=\u00bbon\u00bb][et_pb_row use_custom_width=\u00bbon\u00bb custom_width_px=\u00bb980px\u00bb use_custom_gutter=\u00bbon\u00bb gutter_width=\u00bb2&#8243; custom_padding=\u00bb50px||35px|\u00bb padding_mobile=\u00bbon\u00bb column_padding_mobile=\u00bbon\u00bb parallax_method_1=\u00bboff\u00bb parallax_method_2=\u00bboff\u00bb admin_label=\u00bbRow\u00bb _builder_version=\u00bb3.0.47&#8243; background_size=\u00bbinitial\u00bb background_position=\u00bbtop_left\u00bb background_repeat=\u00bbrepeat\u00bb][et_pb_column type=\u00bb1_2&#8243; _builder_version=\u00bb3.0.47&#8243; column_padding_mobile=\u00bbon\u00bb parallax=\u00bboff\u00bb parallax_method=\u00bboff\u00bb][et_pb_text admin_label=\u00bbText\u00bb _builder_version=\u00bb3.0.87&#8243; text_font=\u00bb|||on|\u00bb text_text_color=\u00bb#ffffff\u00bb text_font_size=\u00bb19px\u00bb text_font_size_tablet=\u00bb22px\u00bb text_font_size_phone=\u00bb17px\u00bb text_font_size_last_edited=\u00bbon|phone\u00bb text_line_height=\u00bb1.3em\u00bb header_font_size_last_edited=\u00bbon|desktop\u00bb background_size=\u00bbinitial\u00bb background_position=\u00bbtop_left\u00bb background_repeat=\u00bbrepeat\u00bb custom_margin=\u00bb||40px|\u00bb use_border_color=\u00bboff\u00bb border_style=\u00bbsolid\u00bb]<\/p>\n<p>Consultor\u00eda Global de Retail<\/p>\n<p>Servicios de Inversi\u00f3n Inmobiliaria<\/p>\n<p>Asset Management<\/p>\n<p>Gesti\u00f3n y comercializaci\u00f3n de activos<\/p>\n<p>[\/et_pb_text][et_pb_image src=\u00bb\/wp-content\/uploads\/img-5-r.jpg\u00bb _builder_version=\u00bb3.0.87&#8243; animation_style=\u00bbslide\u00bb animation_direction=\u00bbleft\u00bb animation_duration=\u00bb500ms\u00bb animation_intensity_slide=\u00bb10%\u00bb use_border_color=\u00bboff\u00bb border_color=\u00bb#ffffff\u00bb border_width=\u00bb1px\u00bb border_style=\u00bbsolid\u00bb sticky=\u00bboff\u00bb][\/et_pb_image][\/et_pb_column][et_pb_column type=\u00bb1_2&#8243; _builder_version=\u00bb3.0.47&#8243; column_padding_mobile=\u00bbon\u00bb parallax=\u00bboff\u00bb parallax_method=\u00bboff\u00bb][et_pb_text admin_label=\u00bbText\u00bb _builder_version=\u00bb3.0.87&#8243; text_text_color=\u00bb#ffffff\u00bb text_font_size=\u00bb15&#8243; background_size=\u00bbinitial\u00bb background_position=\u00bbtop_left\u00bb background_repeat=\u00bbrepeat\u00bb background_layout=\u00bbdark\u00bb custom_margin=\u00bb||25px|\u00bb use_border_color=\u00bboff\u00bb border_style=\u00bbsolid\u00bb]<\/p>\n<h3 style=\"background-color: #b4172c;\">QUICK EXPANSION<\/h3>\n<p>Somos una compa\u00f1\u00eda fundada en 2005, dedicada a la consultor\u00eda de retail e inversi\u00f3n inmobiliaria, aunando la experiencia y conocimiento de profesionales procedentes de ambos sectores y con un perfil multidisciplinar.<\/p>\n<p>[\/et_pb_text][et_pb_text admin_label=\u00bbText\u00bb _builder_version=\u00bb3.0.87&#8243; text_text_color=\u00bb#ffffff\u00bb text_font_size=\u00bb15&#8243; background_size=\u00bbinitial\u00bb background_position=\u00bbtop_left\u00bb background_repeat=\u00bbrepeat\u00bb background_layout=\u00bbdark\u00bb custom_margin=\u00bb||25px|\u00bb use_border_color=\u00bboff\u00bb border_style=\u00bbsolid\u00bb]<\/p>\n<h3 style=\"background-color: #b4172c;\">MISI\u00d3N<\/h3>\n<p>Dise\u00f1o y prestaci\u00f3n de servicios de valor a\u00f1adido para nuestros clientes, empresas de retail y del sector inmobiliario, que permiten operar a nuestros clientes de forma m\u00e1s eficiente y rentable.<\/p>\n<p>[\/et_pb_text][et_pb_text admin_label=\u00bbText\u00bb _builder_version=\u00bb3.0.87&#8243; text_text_color=\u00bb#ffffff\u00bb text_font_size=\u00bb15&#8243; background_size=\u00bbinitial\u00bb background_position=\u00bbtop_left\u00bb background_repeat=\u00bbrepeat\u00bb background_layout=\u00bbdark\u00bb custom_margin=\u00bb||25px|\u00bb use_border_color=\u00bboff\u00bb border_style=\u00bbsolid\u00bb]<\/p>\n<h3>VISI\u00d3N<\/h3>\n<p>Desde Quick Expansi\u00f3n aspiramos a ser un actor relevante dentro de los distintos mercados y sectores en los que operamos, dise\u00f1ando productos y servicios atractivos e innovadores para nuestros clientes.<\/p>\n<p>[\/et_pb_text][et_pb_text admin_label=\u00bbText\u00bb _builder_version=\u00bb3.0.87&#8243; text_text_color=\u00bb#ffffff\u00bb text_font_size=\u00bb15&#8243; background_size=\u00bbinitial\u00bb background_position=\u00bbtop_left\u00bb background_repeat=\u00bbrepeat\u00bb background_layout=\u00bbdark\u00bb custom_margin=\u00bb||25px|\u00bb use_border_color=\u00bboff\u00bb border_style=\u00bbsolid\u00bb]<\/p>\n<h3>\u00c9TICA Y VALORES<\/h3>\n<p><strong>Excelencia<\/strong>: actuando con altos est\u00e1ndares de calidad, innovaci\u00f3n y agilidad as\u00ed como comprometidos con la mejora continua.<\/p>\n<p><strong>Confianza<\/strong>: como objetivo y premisa para el establecimiento de relaciones win-win a largo plazo.<\/p>\n<p><strong>Compromiso<\/strong>: alineando nuestros intereses con los de nuestros clientes.<\/p>\n<p><strong>Integridad<\/strong>: estableciendo el compromiso de actuaci\u00f3n \u00e9tica y recta con nuestros clientes, proveedores, competidores y con la sociedad en general.<\/p>\n<p>[\/et_pb_text][\/et_pb_column][\/et_pb_row][\/et_pb_section][et_pb_section fb_built=\u00bb1&#8243; fullwidth=\u00bbon\u00bb _builder_version=\u00bb3.17.3&#8243;][et_pb_fullwidth_image src=\u00bbhttp:\/\/www.quickexpansion.com\/wp-content\/uploads\/CONBANDERA_KITDIGITAL-1-scaled.jpg\u00bb _builder_version=\u00bb3.17.3&#8243; max_width=\u00bb92%\u00bb module_alignment=\u00bbcenter\u00bb custom_margin=\u00bb22px||22px||true\u00bb][\/et_pb_fullwidth_image][\/et_pb_section][et_pb_section fb_built=\u00bb1&#8243; parallax_method_1=\u00bboff\u00bb parallax_method_2=\u00bboff\u00bb parallax_method_3=\u00bboff\u00bb admin_label=\u00bbSection\u00bb _builder_version=\u00bb3.0.74&#8243; background_color=\u00bb#b4172c\u00bb custom_padding=\u00bb0px||0px|\u00bb custom_padding_tablet=\u00bb0px||0px|\u00bb custom_css_main_element=\u00bbfont-weight: 900;\u00bb transparent_background=\u00bboff\u00bb padding_mobile=\u00bbon\u00bb global_module=\u00bb26204&#8243;][et_pb_row use_custom_gutter=\u00bbon\u00bb gutter_width=\u00bb2&#8243; custom_padding=\u00bb50px||50px|\u00bb padding_mobile=\u00bbon\u00bb column_padding_mobile=\u00bbon\u00bb parallax_method_1=\u00bboff\u00bb parallax_method_2=\u00bboff\u00bb parallax_method_3=\u00bboff\u00bb admin_label=\u00bbRow\u00bb _builder_version=\u00bb3.0.47&#8243; background_size=\u00bbinitial\u00bb background_position=\u00bbtop_left\u00bb background_repeat=\u00bbrepeat\u00bb][et_pb_column type=\u00bb1_4&#8243; _builder_version=\u00bb3.0.47&#8243; column_padding_mobile=\u00bbon\u00bb parallax=\u00bboff\u00bb parallax_method=\u00bboff\u00bb][et_pb_image src=\u00bbhttp:\/\/www.quickexpansion.com\/wp-content\/uploads\/logo-quick-expansion-footer-2016.png\u00bb _builder_version=\u00bb3.0.87&#8243; animation_style=\u00bbslide\u00bb animation_direction=\u00bbleft\u00bb animation_duration=\u00bb500ms\u00bb animation_intensity_slide=\u00bb10%\u00bb use_border_color=\u00bboff\u00bb border_color=\u00bb#ffffff\u00bb border_width=\u00bb1px\u00bb border_style=\u00bbsolid\u00bb sticky=\u00bboff\u00bb][\/et_pb_image][\/et_pb_column][et_pb_column type=\u00bb1_4&#8243; _builder_version=\u00bb3.0.47&#8243; column_padding_mobile=\u00bbon\u00bb parallax=\u00bboff\u00bb parallax_method=\u00bboff\u00bb][et_pb_text admin_label=\u00bbText\u00bb _builder_version=\u00bb3.17.3&#8243; text_font=\u00bbMontserrat||||\u00bb text_text_color=\u00bb#ffffff\u00bb text_font_size=\u00bb17px\u00bb text_line_height=\u00bb2.3em\u00bb background_size=\u00bbinitial\u00bb background_position=\u00bbtop_left\u00bb background_repeat=\u00bbrepeat\u00bb custom_padding=\u00bb0px|||\u00bb use_border_color=\u00bboff\u00bb border_style=\u00bbsolid\u00bb]<\/p>\n<p><span style=\"color: #ffffff;\"><a style=\"color: #ffffff;\" href=\"\/en\/\"><strong>Con\u00f3cenos<\/strong><\/a><\/span><br \/><strong><span style=\"color: #ffffff;\"><a style=\"color: #ffffff;\" href=\"\/en\/servicios\/\">Servicios<\/a><\/span><\/strong><br \/><strong><span style=\"color: #ffffff;\"><a style=\"color: #ffffff;\" href=\"\/en\/equipo\/\">Equipo<\/a><\/span><\/strong><\/p>\n<p><strong><span style=\"color: #ffffff;\"><a style=\"color: #ffffff;\" href=\"\/en\/aviso-legal\/\">Aviso Legal<\/a><\/span><\/strong><br \/><strong><span style=\"color: #ffffff;\"><a style=\"color: #ffffff;\" href=\"\/en\/contacto\/\">Contacto<\/a><\/span><\/strong><\/p>\n<p>[\/et_pb_text][\/et_pb_column][et_pb_column type=\u00bb1_4&#8243; _builder_version=\u00bb3.0.47&#8243; column_padding_mobile=\u00bbon\u00bb parallax=\u00bboff\u00bb parallax_method=\u00bboff\u00bb][et_pb_text admin_label=\u00bbText\u00bb _builder_version=\u00bb3.17.3&#8243; text_font=\u00bbMontserrat||||\u00bb text_text_color=\u00bb#ffffff\u00bb text_font_size=\u00bb17px\u00bb text_line_height=\u00bb2.3em\u00bb background_size=\u00bbinitial\u00bb background_position=\u00bbtop_left\u00bb background_repeat=\u00bbrepeat\u00bb custom_padding=\u00bb0px|||\u00bb use_border_color=\u00bboff\u00bb border_style=\u00bbsolid\u00bb]<\/p>\n<p><strong><span style=\"color: #ffffff;\">Parques comerciales<\/span><\/strong><br \/><strong><span style=\"color: #ffffff;\">\u00b7\u00a0<a style=\"color: #ffffff;\" href=\"#\">\u00bfQu\u00e9 hacemos?<\/a><\/span><\/strong><br \/><strong><span style=\"color: #ffffff;\">\u00b7 Comercializaci\u00f3n<\/span><\/strong><br \/><strong><span style=\"color: #ffffff;\">\u00b7\u00a0<a style=\"color: #ffffff;\" href=\"\/en\/servicio\/\">Servicio<\/a><\/span><\/strong><br \/><strong><span style=\"color: #ffffff;\">\u00b7\u00a0<a style=\"color: #ffffff;\" href=\"\/en\/alfafar-parc\/\">Alfafar Parc<\/a><\/span><\/strong><br \/><strong><span style=\"color: #ffffff;\">\u00b7\u00a0<a style=\"color: #ffffff;\" href=\"http:\/\/www.quickexpansion.com\/en\/gestion\/\">Gesti\u00f3n<\/a><\/span><\/strong><\/p>\n<p>[\/et_pb_text][\/et_pb_column][et_pb_column type=\u00bb1_4&#8243; _builder_version=\u00bb3.0.47&#8243; column_padding_mobile=\u00bbon\u00bb parallax=\u00bboff\u00bb parallax_method=\u00bbon\u00bb][et_pb_text admin_label=\u00bbText\u00bb _builder_version=\u00bb3.17.3&#8243; text_font=\u00bb|||on|||||\u00bb text_text_color=\u00bb#ffffff\u00bb text_font_size=\u00bb17px\u00bb text_line_height=\u00bb1.4em\u00bb background_size=\u00bbinitial\u00bb background_position=\u00bbtop_left\u00bb background_repeat=\u00bbrepeat\u00bb background_layout=\u00bbdark\u00bb custom_margin=\u00bb||8px|\u00bb use_border_color=\u00bboff\u00bb border_style=\u00bbsolid\u00bb]<\/p>\n<p><strong>S\u00cdGUENOS<\/strong><\/p>\n<p>[\/et_pb_text][et_pb_social_media_follow url_new_window=\u00bboff\u00bb admin_label=\u00bbSocial Media Follow\u00bb _builder_version=\u00bb3.0.87&#8243; border_radii=\u00bbon|100%|100%|100%|100%\u00bb link_shape=\u00bbcircle\u00bb][et_pb_social_media_follow_network social_network=\u00bblinkedin\u00bb url=\u00bbhttps:\/\/www.linkedin.com\/company\/quick-expansion\u00bb _builder_version=\u00bb3.0.74&#8243; background_color=\u00bb#007bb6&#8243; bg_color=\u00bb#007bb6&#8243; link_shape=\u00bbcircle\u00bb follow_button=\u00bboff\u00bb url_new_window=\u00bboff\u00bb] LinkedIn [\/et_pb_social_media_follow_network][\/et_pb_social_media_follow][\/et_pb_column][\/et_pb_row][\/et_pb_section]<\/p>","protected":false},"excerpt":{"rendered":"<p>[et_pb_section fb_built=\u00bb1&#8243; admin_label=\u00bbsection\u00bb _builder_version=\u00bb3.0.74&#8243; background_color=\u00bb#2196f3&#8243; background_image=\u00bb\/wp-content\/uploads\/img-2.jpg\u00bb custom_padding=\u00bb150px||100px|\u00bb custom_padding_tablet=\u00bb150px||100px|\u00bb transparent_background=\u00bboff\u00bb padding_mobile=\u00bbon\u00bb][et_pb_row custom_padding=\u00bb150px||50px|\u00bb padding_mobile=\u00bbon\u00bb column_padding_mobile=\u00bbon\u00bb parallax_method_1=\u00bboff\u00bb parallax_method_2=\u00bboff\u00bb admin_label=\u00bbrow\u00bb _builder_version=\u00bb3.0.47&#8243; background_size=\u00bbinitial\u00bb background_position=\u00bbtop_left\u00bb background_repeat=\u00bbrepeat\u00bb][et_pb_column type=\u00bb2_3&#8243; _builder_version=\u00bb3.0.47&#8243; column_padding_mobile=\u00bbon\u00bb parallax=\u00bboff\u00bb parallax_method=\u00bboff\u00bb][\/et_pb_column][et_pb_column type=\u00bb1_3&#8243; _builder_version=\u00bb3.0.47&#8243; column_padding_mobile=\u00bbon\u00bb parallax=\u00bboff\u00bb parallax_method=\u00bboff\u00bb][\/et_pb_column][\/et_pb_row][\/et_pb_section][et_pb_section fb_built=\u00bb1&#8243; custom_padding_last_edited=\u00bbon|desktop\u00bb admin_label=\u00bbSection\u00bb _builder_version=\u00bb3.0.74&#8243; background_color=\u00bbrgba(182,182,182,0.41)\u00bb custom_padding=\u00bb25px||54px||false|false\u00bb custom_padding_tablet=\u00bb50px|0|50px|0&#8243; transparent_background=\u00bboff\u00bb][et_pb_row custom_padding=\u00bb0px||10px|\u00bb padding_mobile=\u00bbon\u00bb column_padding_mobile=\u00bbon\u00bb parallax_method_1=\u00bboff\u00bb admin_label=\u00bbRow\u00bb _builder_version=\u00bb3.0.47&#8243; background_size=\u00bbinitial\u00bb background_position=\u00bbtop_left\u00bb background_repeat=\u00bbrepeat\u00bb][et_pb_column type=\u00bb4_4&#8243; _builder_version=\u00bb3.0.47&#8243; column_padding_mobile=\u00bbon\u00bb parallax=\u00bboff\u00bb parallax_method=\u00bboff\u00bb][et_pb_text admin_label=\u00bbText\u00bb _builder_version=\u00bb3.0.87&#8243; text_font=\u00bb||||\u00bb [&hellip;]<\/p>","protected":false},"author":1,"featured_media":0,"parent":0,"menu_order":0,"comment_status":"closed","ping_status":"closed","template":"","meta":{"spay_email":""},"yoast_head":"<!-- This site is optimized with the Yoast SEO plugin v15.4 - https:\/\/yoast.com\/wordpress\/plugins\/seo\/ -->\n<title>Retail and Investment Services - Quick Expansi\u00f3n<\/title>\n<meta name=\"description\" content=\"Compa\u00f1\u00eda fundada en 2005, dedicada a la Consultor\u00eda de Retail e Inversi\u00f3n inmobiliaria.\" \/>\n<meta name=\"robots\" content=\"index, follow, max-snippet:-1, max-image-preview:large, max-video-preview:-1\" \/>\n<link rel=\"canonical\" href=\"https:\/\/www.quickexpansion.com\/en\/\" \/>\n<meta property=\"og:locale\" content=\"en_GB\" \/>\n<meta property=\"og:type\" content=\"article\" \/>\n<meta property=\"og:title\" content=\"Retail and Investment Services - Quick Expansi\u00f3n\" \/>\n<meta property=\"og:description\" content=\"Compa\u00f1\u00eda fundada en 2005, dedicada a la Consultor\u00eda de Retail e Inversi\u00f3n inmobiliaria.\" \/>\n<meta property=\"og:url\" content=\"https:\/\/www.quickexpansion.com\/en\/\" \/>\n<meta property=\"og:site_name\" content=\"Quick Expansi\u00f3n\" \/>\n<meta property=\"article:modified_time\" content=\"2026-03-23T19:47:02+00:00\" \/>\n<meta property=\"og:image\" content=\"https:\/\/www.quickexpansion.com\/wp-content\/uploads\/og-image-quickexpansion-2016.jpg\" \/>\n\t<meta property=\"og:image:width\" content=\"1200\" \/>\n\t<meta property=\"og:image:height\" content=\"630\" \/>\n<meta name=\"twitter:card\" content=\"summary\" \/>\n<meta name=\"twitter:label1\" content=\"Written by\">\n\t<meta name=\"twitter:data1\" content=\"Quick Expansi\u00f3n\">\n\t<meta name=\"twitter:label2\" content=\"Estimated reading time\">\n\t<meta name=\"twitter:data2\" content=\"6 minutes\">\n<script type=\"application\/ld+json\" class=\"yoast-schema-graph\">{\"@context\":\"https:\/\/schema.org\",\"@graph\":[{\"@type\":\"Organization\",\"@id\":\"https:\/\/www.quickexpansion.com\/#organization\",\"name\":\"Quick Expansion\",\"url\":\"https:\/\/www.quickexpansion.com\/\",\"sameAs\":[],\"logo\":{\"@type\":\"ImageObject\",\"@id\":\"https:\/\/www.quickexpansion.com\/#logo\",\"inLanguage\":\"en-GB\",\"url\":\"https:\/\/www.quickexpansion.com\/wp-content\/uploads\/cropped-icono-sitio-quickexpansion-1.png\",\"width\":512,\"height\":512,\"caption\":\"Quick Expansion\"},\"image\":{\"@id\":\"https:\/\/www.quickexpansion.com\/#logo\"}},{\"@type\":\"WebSite\",\"@id\":\"https:\/\/www.quickexpansion.com\/#website\",\"url\":\"https:\/\/www.quickexpansion.com\/\",\"name\":\"Quick Expansi\\u00f3n\",\"description\":\"Retail and Investment services\",\"publisher\":{\"@id\":\"https:\/\/www.quickexpansion.com\/#organization\"},\"potentialAction\":[{\"@type\":\"SearchAction\",\"target\":\"https:\/\/www.quickexpansion.com\/?s={search_term_string}\",\"query-input\":\"required name=search_term_string\"}],\"inLanguage\":\"en-GB\"},{\"@type\":\"WebPage\",\"@id\":\"https:\/\/www.quickexpansion.com\/#webpage\",\"url\":\"https:\/\/www.quickexpansion.com\/\",\"name\":\"Retail and Investment Services - Quick Expansi\\u00f3n\",\"isPartOf\":{\"@id\":\"https:\/\/www.quickexpansion.com\/#website\"},\"datePublished\":\"2016-07-17T08:57:11+00:00\",\"dateModified\":\"2026-03-23T19:47:02+00:00\",\"description\":\"Compa\\u00f1\\u00eda fundada en 2005, dedicada a la Consultor\\u00eda de Retail e Inversi\\u00f3n inmobiliaria.\",\"inLanguage\":\"en-GB\",\"potentialAction\":[{\"@type\":\"ReadAction\",\"target\":[\"https:\/\/www.quickexpansion.com\/\"]}]}]}<\/script>\n<!-- \/ Yoast SEO plugin. -->","jetpack_sharing_enabled":true,"jetpack_shortlink":"https:\/\/wp.me\/P7VPSv-6Ix","_links":{"self":[{"href":"https:\/\/www.quickexpansion.com\/en\/wp-json\/wp\/v2\/pages\/25825"}],"collection":[{"href":"https:\/\/www.quickexpansion.com\/en\/wp-json\/wp\/v2\/pages"}],"about":[{"href":"https:\/\/www.quickexpansion.com\/en\/wp-json\/wp\/v2\/types\/page"}],"author":[{"embeddable":true,"href":"https:\/\/www.quickexpansion.com\/en\/wp-json\/wp\/v2\/users\/1"}],"replies":[{"embeddable":true,"href":"https:\/\/www.quickexpansion.com\/en\/wp-json\/wp\/v2\/comments?post=25825"}],"version-history":[{"count":15,"href":"https:\/\/www.quickexpansion.com\/en\/wp-json\/wp\/v2\/pages\/25825\/revisions"}],"predecessor-version":[{"id":29202,"href":"https:\/\/www.quickexpansion.com\/en\/wp-json\/wp\/v2\/pages\/25825\/revisions\/29202"}],"wp:attachment":[{"href":"https:\/\/www.quickexpansion.com\/en\/wp-json\/wp\/v2\/media?parent=25825"}],"curies":[{"name":"wp","href":"https:\/\/api.w.org\/{rel}","templated":true}]}}