{"id":25753,"date":"2016-07-16T18:46:48","date_gmt":"2016-07-16T18:46:48","guid":{"rendered":"http:\/\/quickexpansion.mobidoo.es\/?page_id=25753"},"modified":"2025-06-04T11:03:59","modified_gmt":"2025-06-04T11:03:59","slug":"politica-de-cookies","status":"publish","type":"page","link":"https:\/\/www.quickexpansion.com\/en\/politica-de-cookies\/","title":{"rendered":"Pol\u00edtica de cookies"},"content":{"rendered":"<p>[et_pb_section bb_built=\u00bb1&#8243; admin_label=\u00bbsection\u00bb custom_padding_last_edited=\u00bbon|desktop\u00bb _builder_version=\u00bb3.0.47&#8243; custom_padding_tablet=\u00bb50px|0|50px|0&#8243; transparent_background=\u00bboff\u00bb padding_mobile=\u00bboff\u00bb][et_pb_row admin_label=\u00bbrow\u00bb padding_mobile=\u00bboff\u00bb column_padding_mobile=\u00bbon\u00bb _builder_version=\u00bb3.0.47&#8243; background_size=\u00bbinitial\u00bb background_position=\u00bbtop_left\u00bb background_repeat=\u00bbrepeat\u00bb _i=\u00bb0&#8243; _address=\u00bb0.0&#8243;][et_pb_column type=\u00bb4_4&#8243;][et_pb_post_title meta=\u00bboff\u00bb featured_image=\u00bboff\u00bb _builder_version=\u00bb3.0.47&#8243; title_all_caps=\u00bboff\u00bb parallax=\u00bbon\u00bb parallax_effect=\u00bbon\u00bb parallax_method=\u00bboff\u00bb]<\/p>\n<p>[\/et_pb_post_title][et_pb_text _builder_version=\u00bb3.0.78&#8243; background_size=\u00bbinitial\u00bb background_position=\u00bbtop_left\u00bb background_repeat=\u00bbrepeat\u00bb module_alignment=\u00bbleft\u00bb _i=\u00bb1&#8243; _address=\u00bb0.0.0.1&#8243; background_layout=\u00bblight\u00bb border_style=\u00bbsolid\u00bb]<\/p>\n<p style=\"text-align: justify;\">Una cookie es un fichero que se descarga en el ordenador\/smartphone\/tablet del usuario al acceder a determinadas p\u00e1ginas web para almacenar y recuperar informaci\u00f3n sobre la navegaci\u00f3n que se efect\u00faa desde dicho equipo.<\/p>\n<p style=\"text-align: justify;\">Para conocer m\u00e1s informaci\u00f3n sobre las cookies, Quick Expansi\u00f3n, S.L. le invita a acceder al siguiente enlace:<\/p>\n<p style=\"text-align: justify;\"><a href=\"http:\/\/www.iabspain.net\/privacidadeninternet\/usuario\" target=\"_blank\" rel=\"noopener\">http:\/\/www.iabspain.net\/privacidadeninternet\/usuario<\/a><\/p>\n<p style=\"text-align: justify;\"><span style=\"font-size: 15px; line-height: 1.7em; background-color: #ffffff;\">Quick Expansion, SL<\/span>\u00a0utiliza en este sitio web\u00a0cookies anal\u00edticas (para el seguimiento<\/p>\n<p style=\"text-align: justify;\">y an\u00e1lisis estad\u00edstico del comportamiento del conjunto de los usuarios).<\/p>\n<p style=\"text-align: justify;\">Si se desactivan estas cookies, el sitio web podr\u00e1 seguir funcionando sin perjuicio de que la informaci\u00f3n captada por estas cookies sobre el uso de nuestra web.<\/p>\n<p style=\"text-align: justify;\"><span style=\"color: #b50018;\">\u2013<\/span><\/p>\n<p style=\"text-align: justify;\"><span style=\"color: #b50018;\">I. POL\u00cdTICA DE PROTECCI\u00d3N DE DATOS DE CAR\u00c1CTER PERSONAL<\/span><\/p>\n<p style=\"text-align: justify;\">QUICK EXPANSI\u00d3N (la \u201cEmpresa\u201d) es una Organizaci\u00f3n en la que se dan actividades de\u00a0<span style=\"font-size: 15px;\">tratamientos de datos de car\u00e1cter personal, lo que le atribuye una importante responsabilidad\u00a0<\/span><span style=\"font-size: 15px;\">en el dise\u00f1o y organizaci\u00f3n de procedimientos de modo que est\u00e9n alineados con el\u00a0<\/span><span style=\"font-size: 15px;\">cumplimiento legal en esta materia.<\/span><\/p>\n<p style=\"text-align: justify;\">En el ejercicio de estas responsabilidades y con el objeto de establecer los principios generales\u00a0<span style=\"font-size: 15px;\">que deben regir el tratamiento de los datos de car\u00e1cter personal en la Empresa, aprueba esta\u00a0<\/span><span style=\"font-size: 15px;\">Pol\u00edtica de protecci\u00f3n de datos de car\u00e1cter personal, que notifica a sus Empleados y pone a\u00a0<\/span><span style=\"font-size: 15px;\">disposici\u00f3n de todos sus grupos de Inter\u00e9s.<\/span><\/p>\n<p style=\"text-align: justify;\">1. Finalidad<\/p>\n<p style=\"text-align: justify;\">La Pol\u00edtica de protecci\u00f3n de datos de car\u00e1cter personal es una medida de Responsabilidad\u00a0<span style=\"font-size: 15px;\">proactiva que tiene la finalidad de asegurar el cumplimiento de la legislaci\u00f3n aplicable en esta\u00a0<\/span><span style=\"font-size: 15px;\">materia y relaci\u00f3n a \u00e9sta, el respeto del derecho al honor y a la intimidad en el tratamiento de\u00a0<\/span><span style=\"font-size: 15px;\">los datos de car\u00e1cter personal de todas las personas que se relacionan con La Empresa.<\/span><\/p>\n<p style=\"text-align: justify;\">En desarrollo de lo dispuesto en esta Pol\u00edtica de protecci\u00f3n de datos de car\u00e1cter personal, se\u00a0<span style=\"font-size: 15px;\">establecen cu\u00e1les son los Principios que rigen el tratamiento de datos en la organizaci\u00f3n y en\u00a0<\/span><span style=\"font-size: 15px;\">consecuencia, los procedimientos, y las medidas organizativas y de seguridad que las personas\u00a0<\/span><span style=\"font-size: 15px;\">afectadas por esta Pol\u00edtica se comprometen a implementar en su \u00e1mbito de responsabilidad.<\/span><\/p>\n<p style=\"text-align: justify;\">Con este fin, la Direcci\u00f3n asignar\u00e1 las responsabilidades al personal que participa en las\u00a0<span style=\"font-size: 15px;\">operaciones de tratamiento de datos.<\/span><\/p>\n<p style=\"text-align: justify;\">2. \u00c1mbito de aplicaci\u00f3n<\/p>\n<p style=\"text-align: justify;\">Esta Pol\u00edtica de protecci\u00f3n de datos de car\u00e1cter personal ser\u00e1 de aplicaci\u00f3n a la Empresa, a sus\u00a0<span style=\"font-size: 15px;\">administradores, directivos y empleados, as\u00ed como a todas las personas que se relacionen con\u00a0<\/span><span style=\"font-size: 15px;\">ella, con inclusi\u00f3n expresa de los proveedores de servicio con acceso a datos (\u201cEncargados del\u00a0<\/span><span style=\"font-size: 15px;\">tratamiento\u201d)<\/span><\/p>\n<p style=\"text-align: justify;\">3. Principios del tratamiento de los datos de car\u00e1cter personal<\/p>\n<p style=\"text-align: justify;\">Como principio general, La Empresa cumplir\u00e1 escrupulosamente con la legislaci\u00f3n en materia\u00a0<span style=\"font-size: 15px;\">de protecci\u00f3n de datos de car\u00e1cter personal y debe ser capaz de demostrarlo (Principio de\u00a0<\/span><span style=\"font-size: 15px;\">\u00abresponsabilidad proactiva\u00bb), prestando especial atenci\u00f3n a aquellos tratamientos que puedan\u00a0<\/span><span style=\"font-size: 15px;\">suponer un mayor riesgo para los derechos de los afectados (Principio de \u00abenfoque de riesgo\u00bb).<\/span><\/p>\n<p style=\"text-align: justify;\">En relaci\u00f3n a lo expuesto QUICK EXPANSI\u00d3N velar\u00e1 por el cumplimiento de los siguientes<\/p>\n<p style=\"text-align: justify;\">Principios:<\/p>\n<p style=\"text-align: justify;\">\u2013 Licitud, lealtad, transparencia y limitaci\u00f3n de la finalidad. El tratamiento de datos\u00a0<span style=\"font-size: 15px;\">siempre deber\u00e1 ser informado al afectado, mediante cl\u00e1usulas y otros procedimientos; y\u00a0<\/span><span style=\"font-size: 15px;\">s\u00f3lo se considerar\u00e1 leg\u00edtimo si hay consentimiento para el tratamiento de datos (con\u00a0<\/span><span style=\"font-size: 15px;\">especial atenci\u00f3n al prestado por los menores de edad), o cuenta con otra legitimaci\u00f3n\u00a0<\/span><span style=\"font-size: 15px;\">v\u00e1lida y la finalidad del mismo es acorde a Normativa.<\/span><\/p>\n<p style=\"text-align: justify;\">\u2013 Minimizaci\u00f3n de datos. Los datos tratados deber\u00e1n ser adecuados, pertinentes y\u00a0<span style=\"font-size: 15px;\">limitados a lo necesario en relaci\u00f3n a los fines del tratamiento.<\/span><\/p>\n<p style=\"text-align: justify;\">\u2013 Exactitud. Los datos deber\u00e1n ser exactos y, si fuera necesarios, actualizados. A este\u00a0<span style=\"font-size: 15px;\">respecto se adoptar\u00e1n las medidas necesarias para que se supriman o rectifiquen sin\u00a0<\/span><span style=\"font-size: 15px;\">dilaci\u00f3n los datos personales que sean inexactos con respecto a los fines del\u00a0<\/span><span style=\"font-size: 15px;\">tratamiento.<\/span><\/p>\n<p style=\"text-align: justify;\">\u2013 Limitaci\u00f3n del plazo de conservaci\u00f3n. Los datos ser\u00e1n mantenidos de forma que se\u00a0<span style=\"font-size: 15px;\">permita la identificaci\u00f3n de los interesados durante no m\u00e1s tiempo del necesario para\u00a0<\/span><span style=\"font-size: 15px;\">los fines del tratamiento.<\/span><\/p>\n<p style=\"text-align: justify;\">\u2013 Integridad y Confidencialidad. Los datos ser\u00e1n tratados de tal manera que se garantice\u00a0<span style=\"font-size: 15px;\">una seguridad adecuada de los datos personales, incluida la protecci\u00f3n contra el\u00a0<\/span><span style=\"font-size: 15px;\">tratamiento no autorizado o il\u00edcito y contra su p\u00e9rdida, destrucci\u00f3n o da\u00f1o accidental,\u00a0<\/span><span style=\"font-size: 15px;\">mediante la aplicaci\u00f3n de las medidas t\u00e9cnicas u organizativas apropiadas.<\/span><\/p>\n<p style=\"text-align: justify;\">\u2013 Cesiones de datos. Queda prohibida la compra u obtenci\u00f3n de datos de car\u00e1cter\u00a0<span style=\"font-size: 15px;\">personal de fuentes ileg\u00edtimas o en aquellos casos en los que dichos datos hayan sido\u00a0<\/span><span style=\"font-size: 15px;\">recabados o cedidos contraviniendo la ley o no se garantice suficientemente su leg\u00edtima\u00a0<\/span><span style=\"font-size: 15px;\">procedencia.<\/span><\/p>\n<p style=\"text-align: justify;\">\u2013 Contrataci\u00f3n de proveedores con acceso a datos. S\u00f3lo se elegir\u00e1n para su contrataci\u00f3n a\u00a0<span style=\"font-size: 15px;\">proveedores que ofrezcan garant\u00edas suficientes para aplicar medidas t\u00e9cnicas y de\u00a0<\/span><span style=\"font-size: 15px;\">seguridad apropiadas en el tratamiento de datos. Con estos terceros se documentar\u00e1 el\u00a0<\/span><span style=\"font-size: 15px;\">debido Acuerdo a este respecto.<\/span><\/p>\n<p style=\"text-align: justify;\">\u2013 Transferencias internacionales de datos. Todo tratamiento de datos de car\u00e1cter personal\u00a0<span style=\"font-size: 15px;\">sujeto a normativa de la Uni\u00f3n Europea que implique una transferencia de datos fuera\u00a0<\/span><span style=\"font-size: 15px;\">del Espacio Econ\u00f3mico Europeo deber\u00e1 llevarse a cabo con estricto cumplimiento de los\u00a0<\/span><span style=\"font-size: 15px;\">requisitos establecidos en la ley aplicable.<\/span><\/p>\n<p style=\"text-align: justify;\">\u2013 Derechos de los afectados. La Empresa facilitar\u00e1 a los afectados el ejercicio de los\u00a0<span style=\"font-size: 15px;\">derechos de acceso, rectificaci\u00f3n, supresi\u00f3n, limitaci\u00f3n del tratamiento, oposici\u00f3n y\u00a0<\/span><span style=\"font-size: 15px;\">portabilidad, estableciendo a tal efecto los procedimientos internos, y en particular los\u00a0<\/span><span style=\"font-size: 15px;\">modelos para su ejercicio que resulten necesarios y oportunos, los cuales deber\u00e1n\u00a0<\/span><span style=\"font-size: 15px;\">satisfacer, al menos, los requisitos legales aplicables en cada caso.<\/span><\/p>\n<p>La Empresa promover\u00e1 que los principios recogidos en esta Pol\u00edtica de protecci\u00f3n de datos de\u00a0<span style=\"font-size: 15px;\">car\u00e1cter personal sean tenidos en cuenta (i) en el dise\u00f1o e implementaci\u00f3n de todos los\u00a0<\/span><span style=\"font-size: 15px;\">procedimientos de trabajo, (ii) en los productos y servicios ofrecidos (iii) en todos los contratos\u00a0<\/span><span style=\"font-size: 15px;\">y obligaciones que formalicen o asuman y (iv) en la implantaci\u00f3n de cuantos sistemas y\u00a0<\/span><span style=\"font-size: 15px;\">plataformas permitan el acceso de empleados o terceros y\/o la recogida o tratamiento de datos\u00a0<\/span><span style=\"font-size: 15px;\">de car\u00e1cter personal.<\/span><\/p>\n<p>4. Compromiso de los trabajadores<\/p>\n<p>Los trabajadores son informados de la presente Pol\u00edtica y se declaran conscientes de que la\u00a0<span style=\"font-size: 15px;\">informaci\u00f3n de car\u00e1cter personal es un activo de la Empresa, y a este respecto se adhieren a\u00a0<\/span><span style=\"font-size: 15px;\">ella, comprometi\u00e9ndose a lo siguiente:<\/span><\/p>\n<p>\u2013 Realizar la formaci\u00f3n de sensibilizaci\u00f3n en Protecci\u00f3n de datos que la Empresa pone a su<span style=\"font-size: 15px;\">disposici\u00f3n.<\/span><\/p>\n<p>\u2013 Aplicar las medidas de seguridad a nivel de usuario que apliquen a su puesto de trabajo,\u00a0<span style=\"font-size: 15px;\">sin perjuicio de las responsabilidades en su dise\u00f1o e implantaci\u00f3n que se puedan\u00a0<\/span><span style=\"font-size: 15px;\">pudieran atribu\u00edrsele en funci\u00f3n de su rol dentro de QUICK EXPANSI\u00d3N .<\/span><\/p>\n<p>\u2013 Utilizar los formatos establecidos para el ejercicio de Derechos por parte de los\u00a0<span style=\"font-size: 15px;\">afectados e informar a la Empresa de forma inmediata de modo que pueda hacerse\u00a0<\/span><span style=\"font-size: 15px;\">efectiva la respuesta.<\/span><\/p>\n<p>\u2013 Informar a la Empresa, tan pronto tenga conocimiento, de desviaciones de lo\u00a0<span style=\"font-size: 15px;\">establecido en esta Pol\u00edtica, en particular de \u201cViolaciones de seguridad de los datos\u00a0<\/span><span style=\"font-size: 15px;\">personales\u201d, utilizando para ello el formato establecido al efecto.<\/span><\/p>\n<p>5. Control y evaluaci\u00f3n<\/p>\n<p>Se realizar\u00e1 una verificaci\u00f3n, evaluaci\u00f3n y valoraci\u00f3n anual, o cada vez que haya cambios\u00a0<span style=\"font-size: 15px;\">significativos en los tratamientos de datos, de la eficacia de las medidas t\u00e9cnicas y organizativas\u00a0<\/span><span style=\"font-size: 15px;\">para garantizar la seguridad del tratamiento.<\/span><\/p>\n<p>QUICK EXPANSI\u00d3N<\/p>\n<p>[\/et_pb_text][\/et_pb_column][\/et_pb_row][\/et_pb_section][et_pb_section bb_built=\u00bb1&#8243; admin_label=\u00bbSection\u00bb transparent_background=\u00bboff\u00bb background_color=\u00bb#b4172c\u00bb allow_player_pause=\u00bboff\u00bb inner_shadow=\u00bboff\u00bb parallax=\u00bboff\u00bb parallax_method=\u00bboff\u00bb custom_padding=\u00bb0px||0px|\u00bb padding_mobile=\u00bbon\u00bb make_fullwidth=\u00bboff\u00bb use_custom_width=\u00bboff\u00bb width_unit=\u00bbon\u00bb custom_width_px=\u00bb1080px\u00bb custom_width_percent=\u00bb80%\u00bb make_equal=\u00bboff\u00bb use_custom_gutter=\u00bboff\u00bb gutter_width=\u00bb2&#8243; fullwidth=\u00bboff\u00bb specialty=\u00bboff\u00bb parallax_1=\u00bboff\u00bb parallax_2=\u00bboff\u00bb parallax_3=\u00bboff\u00bb parallax_method_1=\u00bboff\u00bb parallax_method_2=\u00bboff\u00bb parallax_method_3=\u00bboff\u00bb custom_css_main_element=\u00bbfont-weight: 900;\u00bb disabled=\u00bboff\u00bb global_module=\u00bb26204&#8243;][et_pb_row admin_label=\u00bbRow\u00bb global_parent=\u00bb26204&#8243; make_fullwidth=\u00bboff\u00bb use_custom_width=\u00bboff\u00bb width_unit=\u00bbon\u00bb custom_width_px=\u00bb1080px\u00bb custom_width_percent=\u00bb80%\u00bb use_custom_gutter=\u00bbon\u00bb gutter_width=\u00bb2&#8243; custom_padding=\u00bb50px||50px|\u00bb padding_mobile=\u00bbon\u00bb allow_player_pause=\u00bboff\u00bb parallax=\u00bboff\u00bb parallax_method=\u00bboff\u00bb make_equal=\u00bboff\u00bb column_padding_mobile=\u00bbon\u00bb parallax_1=\u00bboff\u00bb parallax_method_1=\u00bboff\u00bb parallax_2=\u00bboff\u00bb parallax_method_2=\u00bboff\u00bb parallax_3=\u00bboff\u00bb parallax_method_3=\u00bboff\u00bb parallax_4=\u00bboff\u00bb parallax_method_4=\u00bbon\u00bb disabled=\u00bboff\u00bb][et_pb_column type=\u00bb1_4&#8243;][et_pb_image global_parent=\u00bb26204&#8243; src=\u00bbhttp:\/\/www.quickexpansion.com\/wp-content\/uploads\/logo-quick-expansion-footer-2016.png\u00bb show_in_lightbox=\u00bboff\u00bb url_new_window=\u00bboff\u00bb use_overlay=\u00bboff\u00bb sticky=\u00bboff\u00bb align=\u00bbleft\u00bb force_fullwidth=\u00bboff\u00bb always_center_on_mobile=\u00bbon\u00bb use_border_color=\u00bboff\u00bb border_color=\u00bb#ffffff\u00bb border_width=\u00bb1px\u00bb border_style=\u00bbsolid\u00bb disabled=\u00bboff\u00bb \/][\/et_pb_column][et_pb_column type=\u00bb1_4&#8243;][et_pb_text admin_label=\u00bbText\u00bb global_parent=\u00bb26204&#8243; background_layout=\u00bblight\u00bb text_orientation=\u00bbleft\u00bb text_font=\u00bbMontserrat||||\u00bb text_text_color=\u00bb#ffffff\u00bb text_line_height=\u00bb1.4em\u00bb use_border_color=\u00bboff\u00bb border_style=\u00bbsolid\u00bb custom_padding=\u00bb0px|||\u00bb disabled=\u00bboff\u00bb]<\/p>\n<p><span style=\"color: #ffffff;\"><a style=\"color: #ffffff;\" href=\"\/en\/\">Con\u00f3cenos<\/a><\/span><br \/>\n<span style=\"color: #ffffff;\"><a style=\"color: #ffffff;\" href=\"\/en\/servicios\/\">Servicios<\/a><\/span><br \/>\n<span style=\"color: #ffffff;\"><a style=\"color: #ffffff;\" href=\"\/en\/equipo\/\">Equipo<\/a><\/span><\/p>\n<p><span style=\"color: #ffffff;\"><a style=\"color: #ffffff;\" href=\"\/en\/aviso-legal\/\">Aviso Legal<\/a><\/span><br \/>\n<span style=\"color: #ffffff;\"><a style=\"color: #ffffff;\" href=\"\/en\/contacto\/\">Contacto<\/a><\/span><\/p>\n<p>[\/et_pb_text][\/et_pb_column][et_pb_column type=\u00bb1_4&#8243;][et_pb_text admin_label=\u00bbText\u00bb global_parent=\u00bb26204&#8243; background_layout=\u00bblight\u00bb text_orientation=\u00bbleft\u00bb text_font=\u00bbMontserrat||||\u00bb text_text_color=\u00bb#ffffff\u00bb text_line_height=\u00bb1.4em\u00bb use_border_color=\u00bboff\u00bb border_style=\u00bbsolid\u00bb custom_padding=\u00bb0px|||\u00bb disabled=\u00bboff\u00bb]<\/p>\n<p><span style=\"color: #ffffff;\">Parques comerciales<\/span><br \/>\n<span style=\"color: #ffffff;\">\u00b7\u00a0<a style=\"color: #ffffff;\" href=\"#\">\u00bfQu\u00e9 hacemos?<\/a><\/span><br \/>\n<span style=\"color: #ffffff;\">\u00b7 Comercializaci\u00f3n<\/span><br \/>\n<span style=\"color: #ffffff;\">\u00a0 \u00b7\u00a0<a style=\"color: #ffffff;\" href=\"\/en\/servicio\/\">Servicio<\/a><\/span><br \/>\n<span style=\"color: #ffffff;\">\u00a0 \u00b7\u00a0<a style=\"color: #ffffff;\" href=\"\/en\/alfafar-parc\/\">Alfafar Parc<\/a><\/span><br \/>\n<span style=\"color: #ffffff;\">\u00b7\u00a0<a style=\"color: #ffffff;\" href=\"http:\/\/www.quickexpansion.com\/en\/gestion\/\">Gesti\u00f3n<\/a><\/span><\/p>\n<p>[\/et_pb_text][\/et_pb_column][et_pb_column type=\u00bb1_4&#8243;][et_pb_text admin_label=\u00bbText\u00bb global_parent=\u00bb26204&#8243; background_layout=\u00bbdark\u00bb text_orientation=\u00bbleft\u00bb text_font=\u00bb|||on|\u00bb text_font_size=\u00bb18&#8243; text_text_color=\u00bb#ffffff\u00bb text_line_height=\u00bb1.4em\u00bb use_border_color=\u00bboff\u00bb border_style=\u00bbsolid\u00bb custom_margin=\u00bb||8px|\u00bb disabled=\u00bboff\u00bb]<\/p>\n<p>S\u00cdGUENOS<\/p>\n<p>[\/et_pb_text][et_pb_social_media_follow admin_label=\u00bbSocial Media Follow\u00bb global_parent=\u00bb26204&#8243; link_shape=\u00bbcircle\u00bb background_layout=\u00bblight\u00bb url_new_window=\u00bboff\u00bb follow_button=\u00bboff\u00bb disabled=\u00bboff\u00bb] [et_pb_social_media_follow_network social_network=\u00bblinkedin\u00bb url=\u00bbhttps:\/\/www.linkedin.com\/company\/quick-expansion\u00bb skype_action=\u00bbcall\u00bb bg_color=\u00bb#007bb6&#8243; disabled=\u00bboff\u00bb link_shape=\u00bbcircle\u00bb follow_button=\u00bboff\u00bb url_new_window=\u00bboff\u00bb] LinkedIn [\/et_pb_social_media_follow_network] [\/et_pb_social_media_follow][\/et_pb_column][\/et_pb_row][\/et_pb_section]<\/p>","protected":false},"excerpt":{"rendered":"<p>[et_pb_section bb_built=\u00bb1&#8243; admin_label=\u00bbsection\u00bb custom_padding_last_edited=\u00bbon|desktop\u00bb _builder_version=\u00bb3.0.47&#8243; custom_padding_tablet=\u00bb50px|0|50px|0&#8243; transparent_background=\u00bboff\u00bb padding_mobile=\u00bboff\u00bb][et_pb_row admin_label=\u00bbrow\u00bb padding_mobile=\u00bboff\u00bb column_padding_mobile=\u00bbon\u00bb _builder_version=\u00bb3.0.47&#8243; background_size=\u00bbinitial\u00bb background_position=\u00bbtop_left\u00bb background_repeat=\u00bbrepeat\u00bb _i=\u00bb0&#8243; _address=\u00bb0.0&#8243;][et_pb_column type=\u00bb4_4&#8243;][et_pb_post_title meta=\u00bboff\u00bb featured_image=\u00bboff\u00bb _builder_version=\u00bb3.0.47&#8243; title_all_caps=\u00bboff\u00bb parallax=\u00bbon\u00bb parallax_effect=\u00bbon\u00bb parallax_method=\u00bboff\u00bb] [\/et_pb_post_title][et_pb_text _builder_version=\u00bb3.0.78&#8243; background_size=\u00bbinitial\u00bb background_position=\u00bbtop_left\u00bb background_repeat=\u00bbrepeat\u00bb module_alignment=\u00bbleft\u00bb _i=\u00bb1&#8243; _address=\u00bb0.0.0.1&#8243; background_layout=\u00bblight\u00bb border_style=\u00bbsolid\u00bb] Una cookie es un fichero que se descarga en el ordenador\/smartphone\/tablet del usuario al acceder a determinadas p\u00e1ginas web para [&hellip;]<\/p>","protected":false},"author":1,"featured_media":0,"parent":0,"menu_order":0,"comment_status":"closed","ping_status":"closed","template":"","meta":{"spay_email":""},"yoast_head":"<!-- This site is optimized with the Yoast SEO plugin v15.4 - https:\/\/yoast.com\/wordpress\/plugins\/seo\/ -->\n<title>Pol\u00edtica de cookies - Quick Expansi\u00f3n<\/title>\n<meta name=\"description\" content=\"Consulta la pol\u00edtica de cookies de nuestra Web.\" \/>\n<meta name=\"robots\" content=\"index, follow, max-snippet:-1, max-image-preview:large, max-video-preview:-1\" \/>\n<link rel=\"canonical\" href=\"https:\/\/www.quickexpansion.com\/en\/politica-de-cookies\/\" \/>\n<meta property=\"og:locale\" content=\"en_GB\" \/>\n<meta property=\"og:type\" content=\"article\" \/>\n<meta property=\"og:title\" content=\"Pol\u00edtica de cookies - Quick Expansi\u00f3n\" \/>\n<meta property=\"og:description\" content=\"Consulta la pol\u00edtica de cookies de nuestra Web.\" \/>\n<meta property=\"og:url\" content=\"https:\/\/www.quickexpansion.com\/en\/politica-de-cookies\/\" \/>\n<meta property=\"og:site_name\" content=\"Quick Expansi\u00f3n\" \/>\n<meta property=\"article:modified_time\" content=\"2025-06-04T11:03:59+00:00\" \/>\n<meta property=\"og:image\" content=\"https:\/\/www.quickexpansion.com\/wp-content\/uploads\/og-image-quickexpansion-2016.jpg\" \/>\n\t<meta property=\"og:image:width\" content=\"1200\" \/>\n\t<meta property=\"og:image:height\" content=\"630\" \/>\n<meta name=\"twitter:card\" content=\"summary\" \/>\n<meta name=\"twitter:label1\" content=\"Written by\">\n\t<meta name=\"twitter:data1\" content=\"Quick Expansi\u00f3n\">\n\t<meta name=\"twitter:label2\" content=\"Estimated reading time\">\n\t<meta name=\"twitter:data2\" content=\"7 minutes\">\n<script type=\"application\/ld+json\" class=\"yoast-schema-graph\">{\"@context\":\"https:\/\/schema.org\",\"@graph\":[{\"@type\":\"Organization\",\"@id\":\"https:\/\/www.quickexpansion.com\/#organization\",\"name\":\"Quick Expansion\",\"url\":\"https:\/\/www.quickexpansion.com\/\",\"sameAs\":[],\"logo\":{\"@type\":\"ImageObject\",\"@id\":\"https:\/\/www.quickexpansion.com\/#logo\",\"inLanguage\":\"en-GB\",\"url\":\"https:\/\/www.quickexpansion.com\/wp-content\/uploads\/cropped-icono-sitio-quickexpansion-1.png\",\"width\":512,\"height\":512,\"caption\":\"Quick Expansion\"},\"image\":{\"@id\":\"https:\/\/www.quickexpansion.com\/#logo\"}},{\"@type\":\"WebSite\",\"@id\":\"https:\/\/www.quickexpansion.com\/#website\",\"url\":\"https:\/\/www.quickexpansion.com\/\",\"name\":\"Quick Expansi\\u00f3n\",\"description\":\"Retail and Investment services\",\"publisher\":{\"@id\":\"https:\/\/www.quickexpansion.com\/#organization\"},\"potentialAction\":[{\"@type\":\"SearchAction\",\"target\":\"https:\/\/www.quickexpansion.com\/?s={search_term_string}\",\"query-input\":\"required name=search_term_string\"}],\"inLanguage\":\"en-GB\"},{\"@type\":\"WebPage\",\"@id\":\"https:\/\/www.quickexpansion.com\/politica-de-cookies\/#webpage\",\"url\":\"https:\/\/www.quickexpansion.com\/politica-de-cookies\/\",\"name\":\"Pol\\u00edtica de cookies - Quick Expansi\\u00f3n\",\"isPartOf\":{\"@id\":\"https:\/\/www.quickexpansion.com\/#website\"},\"datePublished\":\"2016-07-16T18:46:48+00:00\",\"dateModified\":\"2025-06-04T11:03:59+00:00\",\"description\":\"Consulta la pol\\u00edtica de cookies de nuestra Web.\",\"inLanguage\":\"en-GB\",\"potentialAction\":[{\"@type\":\"ReadAction\",\"target\":[\"https:\/\/www.quickexpansion.com\/politica-de-cookies\/\"]}]}]}<\/script>\n<!-- \/ Yoast SEO plugin. -->","jetpack_sharing_enabled":true,"jetpack_shortlink":"https:\/\/wp.me\/P7VPSv-6Hn","_links":{"self":[{"href":"https:\/\/www.quickexpansion.com\/en\/wp-json\/wp\/v2\/pages\/25753"}],"collection":[{"href":"https:\/\/www.quickexpansion.com\/en\/wp-json\/wp\/v2\/pages"}],"about":[{"href":"https:\/\/www.quickexpansion.com\/en\/wp-json\/wp\/v2\/types\/page"}],"author":[{"embeddable":true,"href":"https:\/\/www.quickexpansion.com\/en\/wp-json\/wp\/v2\/users\/1"}],"replies":[{"embeddable":true,"href":"https:\/\/www.quickexpansion.com\/en\/wp-json\/wp\/v2\/comments?post=25753"}],"version-history":[{"count":9,"href":"https:\/\/www.quickexpansion.com\/en\/wp-json\/wp\/v2\/pages\/25753\/revisions"}],"predecessor-version":[{"id":29138,"href":"https:\/\/www.quickexpansion.com\/en\/wp-json\/wp\/v2\/pages\/25753\/revisions\/29138"}],"wp:attachment":[{"href":"https:\/\/www.quickexpansion.com\/en\/wp-json\/wp\/v2\/media?parent=25753"}],"curies":[{"name":"wp","href":"https:\/\/api.w.org\/{rel}","templated":true}]}}